{"id":6632,"date":"2023-09-22T11:24:28","date_gmt":"2023-09-22T11:24:28","guid":{"rendered":"https:\/\/ramona-engelmann.de\/?page_id=6632"},"modified":"2026-04-04T19:45:52","modified_gmt":"2026-04-04T19:45:52","slug":"agb-kurse","status":"publish","type":"page","link":"https:\/\/ramona-engelmann.de\/en\/agb-kurse","title":{"rendered":"AGB Kurse"},"content":{"rendered":"<div data-elementor-type=\"wp-page\" data-elementor-id=\"6632\" class=\"elementor elementor-6632\">\n\t\t\t\t\t\t<section class=\"elementor-section elementor-top-section elementor-element elementor-element-f61bcf4 elementor-section-boxed elementor-section-height-default elementor-section-height-default\" data-id=\"f61bcf4\" data-element_type=\"section\" data-e-type=\"section\">\n\t\t\t\t\t\t<div class=\"elementor-container elementor-column-gap-default\">\n\t\t\t\t\t<div class=\"elementor-column elementor-col-100 elementor-top-column elementor-element elementor-element-b76d63b\" data-id=\"b76d63b\" data-element_type=\"column\" data-e-type=\"column\">\n\t\t\t<div class=\"elementor-widget-wrap elementor-element-populated\">\n\t\t\t\t\t\t<div class=\"elementor-element elementor-element-70f8806 elementor-widget elementor-widget-text-editor\" data-id=\"70f8806\" data-element_type=\"widget\" data-e-type=\"widget\" data-widget_type=\"text-editor.default\">\n\t\t\t\t<div class=\"elementor-widget-container\">\n\t\t\t\t\t\t\t\t\t<h1>Allgemeine Gesch\u00e4ftsbedingungen f\u00fcr Kunstkurse, Ramona Engelmann\u00a0<\/h1><h3>Inhaltsverzeichnis<\/h3><ol><li>Geltungsbereich<\/li><li>Vertragsschluss, Zahlungsbedingungen<\/li><li>R\u00fcckgabe und Widerruf, Kursausfall<\/li><li>Nutzungsrechte\u00a0<\/li><li>Allgemeine Rechte und Pflichten im Atelier Ramona Engelmann\u00a0<\/li><li>Haftung<\/li><li>Anwendbares Recht und Gerichtsstand, Vertragssprache<\/li><li>Alternative Streitbelegung<\/li><li>Salvatorische Klausel<\/li><li>Datenschutz<\/li><\/ol><h3>1) Geltungsbereich<\/h3><p><b>1.1<\/b> Diese Allgemeinen Gesch\u00e4ftsbedingungen (nachfolgend &#8222;AGB&#8220;) f\u00fcr Kunstkurse der Ramona Engelmann, handelnd unter &#8222;Ramona Engelmann&#8220; (nachfolgend &#8222;Veranstalter&#8220;), gelten f\u00fcr alle Kunstkursvertr\u00e4ge, die ein Verbraucher oder Unternehmer (nachfolgend \u201eTeilnehmer\u201c) mit dem Veranstalter abschlie\u00dft.<\/p><p><b>1.2<\/b> Mit der verbindlichen Anmeldung zum Kunstkurs gelten diese Bedingungen als angenommen. Abweichungen von diesen AGB m\u00fcssen schriftlich vereinbart werden.<\/p><p><b>1.3<\/b> Die AGB gelten unabh\u00e4ngig davon ob Sie Verbraucher, Unternehmer oder Kaufmann sind.<\/p><p><b>1.4<\/b> Die bei Abschluss des Vertrags g\u00fcltige Fassung der AGB ist ma\u00dfgebend.<\/p><h3>2) Vertragsschluss, Zahlungsbedingungen<\/h3><p><b>2.1<\/b> Die Buchung kann per E-Mail an<span style=\"color: #0000ff;\"> <a style=\"color: #0000ff;\" href=\"mailto:mail@ramona-engelmann.de\">mail@ramona-engelmann.de<\/a><\/span> erfolgen. Die Anmeldung ist verbindlich. Der Kursvertrag kommt in Verbindung mit der Buchungsbest\u00e4tigung des Veranstalters in Form der Rechnungslegung zustande. Die Teilnahmegeb\u00fchr ist nach Zusendung der Rechnung sofort f\u00e4llig. Nach Zahlungseingang ist der Kursplatz f\u00fcr den Kursteilnehmer verbindlich reserviert. Wurde der Rechnungsbetrag innerhalb von 14 Tagen nach Rechnungseingang nicht beglichen, beh\u00e4lt sich der Veranstalter vor, den Kursplatz f\u00fcr den n\u00e4chsten interessierten Teilnehmer freizugeben. Findet der Kurs in unter 14 Tagen nach Rechnungseingang statt, ist die Rechnung sp\u00e4testens 2 Tage vor Kursbeginn zu begleichen. Bei ganz kurzfristigen Zusagen werden individuelle Absprachen gehalten.<\/p><p><b>2.2<\/b> Bei den angegebenen Teilnahmegeb\u00fchren handelt es sich um Gesamtpreise. Die Umsatzsteuer wird nicht ausgewiesen, da der Veranstalter Kleinunternehmer ist. Die angegebenen Teilnahmegeb\u00fchren gelten f\u00fcr \u00dcberweisungen und Barzahlungen. Wird die Zahlung \u00fcber PayPal durchgef\u00fchrt, fallen auf Grund der Bearbeitungsgeb\u00fchren etwas h\u00f6here Kosten an. Diese werden dem Teilnehmer dann mit der Buchungsbest\u00e4tigung des Veranstalters per E-Mail mitgeteilt. Bei Auswahl der Zahlungsart &#8222;PayPal&#8220; erfolgt die Zahlungsabwicklung \u00fcber den Zahlungsdienstleister PayPal (Europe) S.\u00e0 r.l. et Cie, S.C.A., 22-24 Boulevard Royal, L-2449 Luxembourg, unter Geltung der PayPal-Nutzungsbedingungen, einsehbar unter <span style=\"color: #0000ff;\"><a style=\"color: #0000ff;\" href=\"https:\/\/www.paypal.com\/de\/webapps\/mpp\/ua\/useragreement-full\" target=\"_blank\" rel=\"noopener\">https:\/\/www.paypal.com<wbr \/>\/de<wbr \/>\/webapps<wbr \/>\/mpp<wbr \/>\/ua<wbr \/>\/useragreement-full<\/a><\/span>.<\/p><p><b>2.3<\/b> Handelt es sich bei dem anstehenden Kunstkurs um eine geschlossene Gruppe (z.B. Firmen, Teams, Familie, Freunde), sind die Geb\u00fchren von 6 Teilnehmern (Mindestteilnehmeranzahl pro Kurs) mit der Buchungsbest\u00e4tigung sofort f\u00e4llig. Der Restbetrag ist zu begleichen, sobald die genaue Teilnehmeranzahl feststeht, sp\u00e4testens aber 2 Tage vor Kursbeginn. Bei geschlossenen Gruppen unter 6 Teilnehmern ist der Gesamtbetrag mit der Buchungsbest\u00e4tigung sofort f\u00e4llig.<\/p><p><b>2.4<\/b> Jeder Kunstkurs des Veranstalters ist auf 9 Teilnehmer begrenzt. Es wird die Reihenfolge des Anmeldeeingangs ber\u00fccksichtigt.<\/p><p><b>2.5<\/b> Die Dauer und die Teilnehmeranzahl pro Kunstkurs kann variieren. Im Allgemeinen betr\u00e4gt die Dauer beim Kreieren von Einzelwerken zwischen 3 und 4 Stunden und bei Gruppenwerken ca. 3 Stunden. Die Anzahl der Teilnehmer liegt zwischen 3 und 9 Teilnehmern pro Kurs.<\/p><h3>3) R\u00fcckgabe und Widerruf, Kursausfall<\/h3><p><b>3.1<\/b> Der Veranstalter bietet Dienstleistungen aus dem Bereich der Freizeitveranstaltungen an. Somit liegt kein Fernabsatzvertrag gem\u00e4\u00df \u00a7312b BGB vor. Dadurch ist ein Widerruf und R\u00fcckgaberecht f\u00fcr die Bestellung solcher Dienstleistungen ausgeschlossen. Jede vom Veranstalter best\u00e4tigte Kursanmeldung ist somit bindend und verpflichtet den Teilnehmer zur Begleichung der Teilnahmegeb\u00fchr.<\/p><p><b>3.2<\/b> Ist der Teilnehmer am Kurstag verhindert, hat er dies sp\u00e4testens 3 Tage vorher dem Veranstalter schriftlich mitzuteilen. Hierf\u00fcr ist eine E-Mail an <span style=\"color: #0000ff;\"><a style=\"color: #0000ff;\" href=\"mailto:mail@ramona-engelmann.de\">mail@ramona-engelmann.de<\/a> <\/span>unter Angabe des vollst\u00e4ndigen Namens des Kursteilnehmers und dem gebuchten Kurstermin zu schicken. In dem Fall kann der Teilnehmer sich innerhalb von 6 Monaten ab dem Ursprungstermin f\u00fcr einen neuen Kurstermin \u00fcber die Webseite des Veranstalters anmelden. Die bereits f\u00fcr den Ursprungstermin bezahlte Teilnahmegeb\u00fchr wird dann f\u00fcr den neuen Termin angerechnet. Eine Stornierung und R\u00fcckerstattung des Betrags ist nicht m\u00f6glich.<br \/>Sehr kurzfristige Absagen des Teilnehmers durch Ausnahmef\u00e4lle wie Krankheit oder h\u00f6here Gewalt sind im Einzelfall gesondert geregelt und nachzuweisen.<\/p><p><b>3.3<\/b> Handelt es sich um einen geschlossenen Gruppenkurs und es ist ein Teilnehmer am Kurstag verhindert, ist dies dem Veranstalter sp\u00e4testens 3 Tage vor Kursbeginn schriftlich mitzuteilen. Ist zu dem Zeitpunkt der Restbetrag, wie unter 2.3 beschrieben, noch nicht beglichen, so wird die Geb\u00fchr des verhinderten Teilnehmers erlassen. Ist die Teilnahmegeb\u00fchr f\u00fcr den verhinderten Gruppenteilnehmer bereits entrichtet, so gelten f\u00fcr den verhinderten Teilnehmer die Bestimmungen wie unter 3.2.<br \/>Findet der gesamte Gruppenkurs durch Absage der Gruppe nicht statt, so kann sich die gesamte Gruppe innerhalb von 6 Monaten ab dem Ursprungstermin mit neuen Terminvorschl\u00e4gen schriftlich beim Veranstalter melden. Die bereits f\u00fcr den Ursprungstermin bezahlte Geb\u00fchr wird dann f\u00fcr den neuen Termin angerechnet.<br \/>Eine Stornierung und R\u00fcckerstattung des Betrags ist nicht m\u00f6glich.<\/p><p><b>3.4<\/b> Der Veranstalter hat das Recht, bei Nichterreichen der Mindestteilnehmeranzahl den Kunstkurs abzusagen. Auch durch unvorhersehbaren Ereignissen oder h\u00f6herer Gewalt kann es zu einem Kursausfall seitens des Veranstalters kommen. In diesen F\u00e4llen werden die Teilnehmer des betroffenen Kurses vor Kursbeginn schriftlich oder telefonisch informiert. Der Veranstalter bietet in diesem Zuge Ausweichtermine an. Ist keiner der vorgeschlagenen Termine f\u00fcr den Teilnehmer m\u00f6glich, besteht ein Anspruch auf Erstattung. Ein weitergehender Schadensersatzanspruch ist ausgeschlossen.<\/p><h3>4) Nutzungsrechte<\/h3><p><b>4.1<\/b> S\u00e4mtliches Bildmaterial auf der Internetseite des Veranstalters (<span style=\"color: #0000ff;\"><a style=\"color: #0000ff;\" href=\"https:\/\/ramona-engelmann.de\/en\/\">www.ramona-engelmann.de<\/a><\/span>) darf weder kopiert, weiterverarbeitet oder ohne Genehmigung an anderer Stelle ver\u00f6ffentlicht werden.<\/p><p><b>4.2<\/b> Der Teilnehmer verpflichtet sich, das durch ihn entstandene Kurskunstwerk ausschlie\u00dflich privat zu nutzen. Eine Nutzung zu kommerziellen Zwecken ist nicht gestattet.<\/p><h3>5) Allgemeine Rechte und Pflichten im Atelier Ramona Engelmann<\/h3><p>Wenn nicht anders vereinbart, finden die Kunstkurse des Veranstalters im Kunstatelier Ramona Engelmann, Neuroda-Ilmenauer Str. 34, 99310 Arnstadt statt. Mit der Buchung des Kunstkurses erkennt der Teilnehmer folgende Rechte und Pflichten im Atelier von Ramona Engelmann an:<\/p><p style=\"padding-left: 40px;\">1. Vor Kursbeginn wird darum gebeten die Mobilfunkger\u00e4te auszuschalten, um etwaige St\u00f6rungen w\u00e4hrend des Kurses zu vermeiden.<br \/>2. Das Rauchen ist in den R\u00e4umlichkeiten nicht gestattet<br \/>3. Das gesamte Inventar in den R\u00e4umlichkeiten und alle bereitgestellten Materialien sind pfleglich und mit Sorgfalt zu behandeln<br \/>4. Die Hinweise durch den Veranstalter w\u00e4hrend des Kurses sind zu befolgen.<\/p><h3>6)\u00a0 Haftung\u00a0<\/h3><p><b>6.1<\/b> Die Kunstkursteilnahme und die damit zur Verf\u00fcgung gestellten Werkzeuge und Hilfsmaterialien erfolgen in eigener Verantwortung. Eine pers\u00f6nliche Unfall- und Haftpflichtversicherung ist daher empfehlenswert. Der Veranstalter haftet nicht f\u00fcr Unf\u00e4lle, Diebst\u00e4hle oder Sch\u00e4den aller Art, die sich w\u00e4hrend und au\u00dferhalb des Kurses ereignen. Alle \u00fcberlassenen Materialien, Werkzeuge, Hilfsmittel sowie das gesamte Inventar in den R\u00e4umlichkeiten sind sorgsam und pfleglich zu behandeln. Sch\u00e4den bei unsachgem\u00e4\u00dfer Behandlung gehen zu Lasten des Teilnehmers.<\/p><p><b>6.2<\/b> Soweit der Veranstalter nicht vors\u00e4tzlich oder grob fahrl\u00e4ssig gehandelt hat, sind Schadensersatzanspr\u00fcche im Zusammenhang mit dem Besuch des Kunstkurses ausgeschlossen.<\/p><p><b>6.3<\/b> Die Haftung f\u00fcr Sch\u00e4den aus der Verletzung des Lebens, des K\u00f6rpers oder der Gesundheit bleibt von den vorstehenden Haftungsbeschr\u00e4nkungen und -ausschl\u00fcssen unber\u00fchrt.<\/p><p><b>6.4<\/b> Bei der Teilnahme an den Kunstkursen des Veranstalters handelt es sich um eine k\u00fcnstlerische T\u00e4tigkeit. Ein Erfolg ist demnach nicht geschuldet. Eine Haftung wird ausgeschlossen.<\/p><h3>7) Anwendbares Recht und Gerichtsstand, Vertragssprache<\/h3><p>F\u00fcr alle Rechtsbeziehungen zwischen dem Teilnehmer und des Veranstalters gilt das Recht der Bundesrepublik Deutschland. Ausschlie\u00dflicher Gerichtsstand bei Streitigkeiten mit dem Veranstalter ist Cottbus.<\/p><p>Die Vertragssprache ist Deutsch.<\/p><h3>8) Alternative Streitbeilegung<\/h3><p><b>8.1<\/b> Die EU-Kommission stellt im Internet unter folgendem Link eine Plattform zur Online-Streitbeilegung bereit: <span style=\"color: #0000ff;\"><a style=\"color: #0000ff;\" href=\"https:\/\/ec.europa.eu\/consumers\/odr\">https:\/\/ec.europa.eu\/consumers\/odr<\/a><\/span><br \/>Diese Plattform dient als Anlaufstelle zur au\u00dfergerichtlichen Beilegung von Streitigkeiten aus Online-Kauf- oder Dienstleistungsvertr\u00e4gen, an denen ein Verbraucher beteiligt ist.<\/p><p><b>8.2<\/b> Der Veranstalter ist zur Teilnahme an einem Streitbeilegungsverfahren vor einer Verbraucherschlichtungsstelle weder verpflichtet noch bereit.<\/p><h3>9) Salvatorische Klausel<\/h3><p>Die Unwirksamkeit einzelner Klauseln hat nicht die Unwirksamkeit der AGB zu Folge.\u00a0<\/p><h3>10) Datenschutz<\/h3><p>Die dem Veranstalter zur Verf\u00fcgung gestellten personenbezogenen Daten werden elektronisch verarbeitet und genutzt, soweit zur Vertragsdurchf\u00fchrung erforderlich. Alle personenbezogenen Daten des Teilnehmers werden nach deutschen und europ\u00e4ischen Datenschutzrecht bearbeitet. Weitere Informationen zum Umgang mit den Daten des Teilnehmers sind in der Datenschutzerkl\u00e4rung des Veranstalters zu finden: <span style=\"color: #0000ff;\"><a style=\"color: #0000ff;\" href=\"https:\/\/ramona-engelmann.de\/en\/datenschutzerklaerung\/\" target=\"_blank\" rel=\"noopener\">www.ramona-engelmann.de\/datenschutzerklaerung<\/a><\/span>.<\/p><p>Stand: Juni 2025<\/p>\t\t\t\t\t\t\t\t<\/div>\n\t\t\t\t<\/div>\n\t\t\t\t\t<\/div>\n\t\t<\/div>\n\t\t\t\t\t<\/div>\n\t\t<\/section>\n\t\t\t\t<\/div>","protected":false},"excerpt":{"rendered":"<p>Allgemeine Gesch\u00e4ftsbedingungen f\u00fcr Kunstkurse, Ramona Engelmann\u00a0 Inhaltsverzeichnis Geltungsbereich Vertragsschluss, Zahlungsbedingungen R\u00fcckgabe und Widerruf, Kursausfall Nutzungsrechte\u00a0 Allgemeine Rechte und Pflichten im Atelier Ramona Engelmann\u00a0 Haftung Anwendbares Recht und Gerichtsstand, Vertragssprache Alternative Streitbelegung Salvatorische Klausel Datenschutz 1) Geltungsbereich 1.1 Diese Allgemeinen Gesch\u00e4ftsbedingungen (nachfolgend &#8222;AGB&#8220;) f\u00fcr Kunstkurse der Ramona Engelmann, handelnd unter &#8222;Ramona Engelmann&#8220; (nachfolgend &#8222;Veranstalter&#8220;), gelten f\u00fcr [&hellip;]<\/p>\n","protected":false},"author":1,"featured_media":0,"parent":0,"menu_order":0,"comment_status":"closed","ping_status":"closed","template":"","meta":{"ngg_post_thumbnail":0,"ocean_post_layout":"full-width","ocean_both_sidebars_style":"","ocean_both_sidebars_content_width":0,"ocean_both_sidebars_sidebars_width":0,"ocean_sidebar":"","ocean_second_sidebar":"","ocean_disable_margins":"enable","ocean_add_body_class":"","ocean_shortcode_before_top_bar":"","ocean_shortcode_after_top_bar":"","ocean_shortcode_before_header":"","ocean_shortcode_after_header":"","ocean_has_shortcode":"","ocean_shortcode_after_title":"","ocean_shortcode_before_footer_widgets":"","ocean_shortcode_after_footer_widgets":"","ocean_shortcode_before_footer_bottom":"","ocean_shortcode_after_footer_bottom":"","ocean_display_top_bar":"off","ocean_display_header":"default","ocean_header_style":"","ocean_center_header_left_menu":"","ocean_custom_header_template":"","ocean_custom_logo":0,"ocean_custom_retina_logo":0,"ocean_custom_logo_max_width":0,"ocean_custom_logo_tablet_max_width":0,"ocean_custom_logo_mobile_max_width":0,"ocean_custom_logo_max_height":0,"ocean_custom_logo_tablet_max_height":0,"ocean_custom_logo_mobile_max_height":0,"ocean_header_custom_menu":"","ocean_menu_typo_font_family":"","ocean_menu_typo_font_subset":"","ocean_menu_typo_font_size":0,"ocean_menu_typo_font_size_tablet":0,"ocean_menu_typo_font_size_mobile":0,"ocean_menu_typo_font_size_unit":"px","ocean_menu_typo_font_weight":"","ocean_menu_typo_font_weight_tablet":"","ocean_menu_typo_font_weight_mobile":"","ocean_menu_typo_transform":"","ocean_menu_typo_transform_tablet":"","ocean_menu_typo_transform_mobile":"","ocean_menu_typo_line_height":0,"ocean_menu_typo_line_height_tablet":0,"ocean_menu_typo_line_height_mobile":0,"ocean_menu_typo_line_height_unit":"","ocean_menu_typo_spacing":0,"ocean_menu_typo_spacing_tablet":0,"ocean_menu_typo_spacing_mobile":0,"ocean_menu_typo_spacing_unit":"","ocean_menu_link_color":"","ocean_menu_link_color_hover":"","ocean_menu_link_color_active":"","ocean_menu_link_background":"","ocean_menu_link_hover_background":"","ocean_menu_link_active_background":"","ocean_menu_social_links_bg":"","ocean_menu_social_hover_links_bg":"","ocean_menu_social_links_color":"","ocean_menu_social_hover_links_color":"","ocean_disable_title":"on","ocean_disable_heading":"default","ocean_post_title":"","ocean_post_subheading":"","ocean_post_title_style":"","ocean_post_title_background_color":"","ocean_post_title_background":0,"ocean_post_title_bg_image_position":"","ocean_post_title_bg_image_attachment":"","ocean_post_title_bg_image_repeat":"","ocean_post_title_bg_image_size":"","ocean_post_title_height":0,"ocean_post_title_bg_overlay":0.5,"ocean_post_title_bg_overlay_color":"","ocean_disable_breadcrumbs":"default","ocean_breadcrumbs_color":"","ocean_breadcrumbs_separator_color":"","ocean_breadcrumbs_links_color":"","ocean_breadcrumbs_links_hover_color":"","ocean_display_footer_widgets":"off","ocean_display_footer_bottom":"off","ocean_custom_footer_template":"","footnotes":""},"class_list":["post-6632","page","type-page","status-publish","hentry","entry"],"_links":{"self":[{"href":"https:\/\/ramona-engelmann.de\/en\/wp-json\/wp\/v2\/pages\/6632","targetHints":{"allow":["GET"]}}],"collection":[{"href":"https:\/\/ramona-engelmann.de\/en\/wp-json\/wp\/v2\/pages"}],"about":[{"href":"https:\/\/ramona-engelmann.de\/en\/wp-json\/wp\/v2\/types\/page"}],"author":[{"embeddable":true,"href":"https:\/\/ramona-engelmann.de\/en\/wp-json\/wp\/v2\/users\/1"}],"replies":[{"embeddable":true,"href":"https:\/\/ramona-engelmann.de\/en\/wp-json\/wp\/v2\/comments?post=6632"}],"version-history":[{"count":73,"href":"https:\/\/ramona-engelmann.de\/en\/wp-json\/wp\/v2\/pages\/6632\/revisions"}],"predecessor-version":[{"id":8750,"href":"https:\/\/ramona-engelmann.de\/en\/wp-json\/wp\/v2\/pages\/6632\/revisions\/8750"}],"wp:attachment":[{"href":"https:\/\/ramona-engelmann.de\/en\/wp-json\/wp\/v2\/media?parent=6632"}],"curies":[{"name":"wp","href":"https:\/\/api.w.org\/{rel}","templated":true}]}}