{"id":618,"date":"2022-09-01T14:15:07","date_gmt":"2022-09-01T14:15:07","guid":{"rendered":"https:\/\/ramona-engelmann.de\/?page_id=618"},"modified":"2023-02-14T17:20:03","modified_gmt":"2023-02-14T17:20:03","slug":"golden-ways-of-life","status":"publish","type":"page","link":"https:\/\/ramona-engelmann.de\/en\/kunstwerke\/golden-ways-of-life","title":{"rendered":"Golden Ways of Life"},"content":{"rendered":"<div data-elementor-type=\"wp-page\" data-elementor-id=\"618\" class=\"elementor elementor-618\">\n\t\t\t\t\t\t<section class=\"elementor-section elementor-top-section elementor-element elementor-element-c42da3f elementor-section-boxed elementor-section-height-default elementor-section-height-default\" data-id=\"c42da3f\" data-element_type=\"section\" data-e-type=\"section\">\n\t\t\t\t\t\t<div class=\"elementor-container elementor-column-gap-default\">\n\t\t\t\t\t<div class=\"elementor-column elementor-col-100 elementor-top-column elementor-element elementor-element-7aa49b24\" data-id=\"7aa49b24\" data-element_type=\"column\" data-e-type=\"column\">\n\t\t\t<div class=\"elementor-widget-wrap elementor-element-populated\">\n\t\t\t\t\t\t<div class=\"elementor-element elementor-element-3b05f25 elementor-widget elementor-widget-text-editor\" data-id=\"3b05f25\" data-element_type=\"widget\" data-e-type=\"widget\" data-widget_type=\"text-editor.default\">\n\t\t\t\t<div class=\"elementor-widget-container\">\n\t\t\t\t\t\t\t\t\t<p>\n<div class=\"ngg-galleryoverview ngg-slideshow\"\n\tid=\"ngg-slideshow-f00839c8e7d82ba3d0f9b454067ceafe-2560813160\"\n\tdata-gallery-id=\"f00839c8e7d82ba3d0f9b454067ceafe\"\n\tstyle=\"max-width: 750px;\t\t\tmax-height: 500px;\t\t\tdisplay: none;\">\n\n\t\n\t\t<a href=\"https:\/\/ramona-engelmann.de\/wp-content\/gallery\/golden-ways-of-life\/Golden_Ways_of_Life_Detail-min.JPG\"\n\t\t\ttitle=\"\"\n\t\t\tdata-src=\"https:\/\/ramona-engelmann.de\/wp-content\/gallery\/golden-ways-of-life\/Golden_Ways_of_Life_Detail-min.JPG\"\n\t\t\tdata-thumbnail=\"https:\/\/ramona-engelmann.de\/wp-content\/gallery\/golden-ways-of-life\/thumbs\/thumbs_Golden_Ways_of_Life_Detail-min.JPG\"\n\t\t\tdata-image-id=\"282\"\n\t\t\tdata-title=\"Kunstwerk Golden Ways of Life Komplettansicht\"\n\t\t\tdata-description=\"\"\n\t\t\t\t\t\t\t\t\t\t\t\t\t\t\tclass=\"ngg-simplelightbox\" rel=\"f00839c8e7d82ba3d0f9b454067ceafe\">\n\t\t\t\n\t\t\t<img data-image-id='282'\n\t\t\t\ttitle=\"\"\n\t\t\t\talt=\"Kunstwerk Golden Ways of Life Komplettansicht\"\n\t\t\t\tsrc=\"https:\/\/ramona-engelmann.de\/wp-content\/gallery\/golden-ways-of-life\/Golden_Ways_of_Life_Detail-min.JPG\"\n\t\t\t\tstyle=\"max-height: 480px;\"\/>\n\t\t<\/a>\n\n\t\t\n\t\t<a href=\"https:\/\/ramona-engelmann.de\/wp-content\/gallery\/golden-ways-of-life\/Golden_Ways_of_Life_Seite-min.JPG\"\n\t\t\ttitle=\"\"\n\t\t\tdata-src=\"https:\/\/ramona-engelmann.de\/wp-content\/gallery\/golden-ways-of-life\/Golden_Ways_of_Life_Seite-min.JPG\"\n\t\t\tdata-thumbnail=\"https:\/\/ramona-engelmann.de\/wp-content\/gallery\/golden-ways-of-life\/thumbs\/thumbs_Golden_Ways_of_Life_Seite-min.JPG\"\n\t\t\tdata-image-id=\"283\"\n\t\t\tdata-title=\"Kunstwerk Golden Ways of Life Ansicht Seite\"\n\t\t\tdata-description=\"\"\n\t\t\t\t\t\t\t\t\t\t\t\t\t\t\tclass=\"ngg-simplelightbox\" rel=\"f00839c8e7d82ba3d0f9b454067ceafe\">\n\t\t\t\n\t\t\t<img data-image-id='283'\n\t\t\t\ttitle=\"\"\n\t\t\t\talt=\"Kunstwerk Golden Ways of Life Ansicht Seite\"\n\t\t\t\tsrc=\"https:\/\/ramona-engelmann.de\/wp-content\/gallery\/golden-ways-of-life\/Golden_Ways_of_Life_Seite-min.JPG\"\n\t\t\t\tstyle=\"max-height: 480px;\"\/>\n\t\t<\/a>\n\n\t\t\n\t\t<a href=\"https:\/\/ramona-engelmann.de\/wp-content\/gallery\/golden-ways-of-life\/Golden_Ways_of_Life_Detail1-min.JPG\"\n\t\t\ttitle=\"\"\n\t\t\tdata-src=\"https:\/\/ramona-engelmann.de\/wp-content\/gallery\/golden-ways-of-life\/Golden_Ways_of_Life_Detail1-min.JPG\"\n\t\t\tdata-thumbnail=\"https:\/\/ramona-engelmann.de\/wp-content\/gallery\/golden-ways-of-life\/thumbs\/thumbs_Golden_Ways_of_Life_Detail1-min.JPG\"\n\t\t\tdata-image-id=\"278\"\n\t\t\tdata-title=\"Kunstwerk Golden Ways of Life Ansicht Detail 1\"\n\t\t\tdata-description=\"\"\n\t\t\t\t\t\t\t\t\t\t\t\t\t\t\tclass=\"ngg-simplelightbox\" rel=\"f00839c8e7d82ba3d0f9b454067ceafe\">\n\t\t\t\n\t\t\t<img data-image-id='278'\n\t\t\t\ttitle=\"\"\n\t\t\t\talt=\"Kunstwerk Golden Ways of Life Ansicht Detail 1\"\n\t\t\t\tsrc=\"https:\/\/ramona-engelmann.de\/wp-content\/gallery\/golden-ways-of-life\/Golden_Ways_of_Life_Detail1-min.JPG\"\n\t\t\t\tstyle=\"max-height: 480px;\"\/>\n\t\t<\/a>\n\n\t\t\n\t\t<a href=\"https:\/\/ramona-engelmann.de\/wp-content\/gallery\/golden-ways-of-life\/Golden_Ways_of_Life_Detail2-min.JPG\"\n\t\t\ttitle=\"\"\n\t\t\tdata-src=\"https:\/\/ramona-engelmann.de\/wp-content\/gallery\/golden-ways-of-life\/Golden_Ways_of_Life_Detail2-min.JPG\"\n\t\t\tdata-thumbnail=\"https:\/\/ramona-engelmann.de\/wp-content\/gallery\/golden-ways-of-life\/thumbs\/thumbs_Golden_Ways_of_Life_Detail2-min.JPG\"\n\t\t\tdata-image-id=\"279\"\n\t\t\tdata-title=\"Kunstwerk Golden Ways of Life Ansicht Detail 2\"\n\t\t\tdata-description=\"\"\n\t\t\t\t\t\t\t\t\t\t\t\t\t\t\tclass=\"ngg-simplelightbox\" rel=\"f00839c8e7d82ba3d0f9b454067ceafe\">\n\t\t\t\n\t\t\t<img data-image-id='279'\n\t\t\t\ttitle=\"\"\n\t\t\t\talt=\"Kunstwerk Golden Ways of Life Ansicht Detail 2\"\n\t\t\t\tsrc=\"https:\/\/ramona-engelmann.de\/wp-content\/gallery\/golden-ways-of-life\/Golden_Ways_of_Life_Detail2-min.JPG\"\n\t\t\t\tstyle=\"max-height: 480px;\"\/>\n\t\t<\/a>\n\n\t\t\n\t\t<a href=\"https:\/\/ramona-engelmann.de\/wp-content\/gallery\/golden-ways-of-life\/Golden_Ways_of_Life_Detail3-min.JPG\"\n\t\t\ttitle=\"\"\n\t\t\tdata-src=\"https:\/\/ramona-engelmann.de\/wp-content\/gallery\/golden-ways-of-life\/Golden_Ways_of_Life_Detail3-min.JPG\"\n\t\t\tdata-thumbnail=\"https:\/\/ramona-engelmann.de\/wp-content\/gallery\/golden-ways-of-life\/thumbs\/thumbs_Golden_Ways_of_Life_Detail3-min.JPG\"\n\t\t\tdata-image-id=\"280\"\n\t\t\tdata-title=\"Kunstwerk Golden Ways of Life Ansicht Detail 3\"\n\t\t\tdata-description=\"\"\n\t\t\t\t\t\t\t\t\t\t\t\t\t\t\tclass=\"ngg-simplelightbox\" rel=\"f00839c8e7d82ba3d0f9b454067ceafe\">\n\t\t\t\n\t\t\t<img data-image-id='280'\n\t\t\t\ttitle=\"\"\n\t\t\t\talt=\"Kunstwerk Golden Ways of Life Ansicht Detail 3\"\n\t\t\t\tsrc=\"https:\/\/ramona-engelmann.de\/wp-content\/gallery\/golden-ways-of-life\/Golden_Ways_of_Life_Detail3-min.JPG\"\n\t\t\t\tstyle=\"max-height: 480px;\"\/>\n\t\t<\/a>\n\n\t\t\n\t\t<a href=\"https:\/\/ramona-engelmann.de\/wp-content\/gallery\/golden-ways-of-life\/Golden_Ways_of_Life_Detail4-min.JPG\"\n\t\t\ttitle=\"\"\n\t\t\tdata-src=\"https:\/\/ramona-engelmann.de\/wp-content\/gallery\/golden-ways-of-life\/Golden_Ways_of_Life_Detail4-min.JPG\"\n\t\t\tdata-thumbnail=\"https:\/\/ramona-engelmann.de\/wp-content\/gallery\/golden-ways-of-life\/thumbs\/thumbs_Golden_Ways_of_Life_Detail4-min.JPG\"\n\t\t\tdata-image-id=\"281\"\n\t\t\tdata-title=\"Kunstwerk Golden Ways of Life Ansicht Detail 4\"\n\t\t\tdata-description=\"\"\n\t\t\t\t\t\t\t\t\t\t\t\t\t\t\tclass=\"ngg-simplelightbox\" rel=\"f00839c8e7d82ba3d0f9b454067ceafe\">\n\t\t\t\n\t\t\t<img data-image-id='281'\n\t\t\t\ttitle=\"\"\n\t\t\t\talt=\"Kunstwerk Golden Ways of Life Ansicht Detail 4\"\n\t\t\t\tsrc=\"https:\/\/ramona-engelmann.de\/wp-content\/gallery\/golden-ways-of-life\/Golden_Ways_of_Life_Detail4-min.JPG\"\n\t\t\t\tstyle=\"max-height: 480px;\"\/>\n\t\t<\/a>\n\n\t\t<\/div>\n\n\n<\/p>\t\t\t\t\t\t\t\t<\/div>\n\t\t\t\t<\/div>\n\t\t\t\t<div class=\"elementor-element elementor-element-76c8d08b elementor-widget elementor-widget-heading\" data-id=\"76c8d08b\" data-element_type=\"widget\" data-e-type=\"widget\" data-widget_type=\"heading.default\">\n\t\t\t\t<div class=\"elementor-widget-container\">\n\t\t\t\t\t<h2 class=\"elementor-heading-title elementor-size-large\">Golden Ways of Life - SOLD<\/h2>\t\t\t\t<\/div>\n\t\t\t\t<\/div>\n\t\t\t\t<div class=\"elementor-element elementor-element-74c066b3 elementor-widget elementor-widget-text-editor\" data-id=\"74c066b3\" data-element_type=\"widget\" data-e-type=\"widget\" data-widget_type=\"text-editor.default\">\n\t\t\t\t<div class=\"elementor-widget-container\">\n\t\t\t\t\t\t\t\t\t<p><strong>Size of the canvas:<\/strong> 40 x 40 cm<br \/><strong>Type:<\/strong> Unique<br \/><strong>Technique:<\/strong> Fluidart-Technique<br \/><strong>Material: <\/strong>color and light intense acrylic paints<br \/><strong>Sealing:<\/strong> high quality glossy varnish to protect the artwork and preserve the luminosity and intensity of colors<br \/><strong>Signature:<\/strong> on the back and on the bottom right of the canvas side<br \/>The sides are also covered with paint so that the artwork can be hung without a frame<\/p>\t\t\t\t\t\t\t\t<\/div>\n\t\t\t\t<\/div>\n\t\t\t\t<div class=\"elementor-element elementor-element-5757c849 elementor-widget elementor-widget-text-editor\" data-id=\"5757c849\" data-element_type=\"widget\" data-e-type=\"widget\" data-widget_type=\"text-editor.default\">\n\t\t\t\t<div class=\"elementor-widget-container\">\n\t\t\t\t\t\t\t\t\t<p>Radiant and full of beautiful details, this golden artwork reveals itself to you. It symbolizes all the branches and opportunities that life offers you. An infinite number of paths that you can choose. Each one of them in its own beauty. Open your eyes for these beauties, go on and on and realize how lightful and strong you are. Even if it gets dark on some ways from time to time - stay in trust. Also these ways change again into the golden light and enrich you on your way.<\/p>\t\t\t\t\t\t\t\t<\/div>\n\t\t\t\t<\/div>\n\t\t\t\t\t<\/div>\n\t\t<\/div>\n\t\t\t\t\t<\/div>\n\t\t<\/section>\n\t\t\t\t<section class=\"elementor-section elementor-top-section elementor-element elementor-element-5f27e378 elementor-section-content-top elementor-section-full_width elementor-section-height-default elementor-section-height-default\" data-id=\"5f27e378\" data-element_type=\"section\" data-e-type=\"section\" data-settings=\"{&quot;background_background&quot;:&quot;classic&quot;}\">\n\t\t\t\t\t\t\t<div class=\"elementor-background-overlay\"><\/div>\n\t\t\t\t\t\t\t<div class=\"elementor-container elementor-column-gap-default\">\n\t\t\t\t\t<div class=\"elementor-column elementor-col-100 elementor-top-column elementor-element elementor-element-5b71ed30\" data-id=\"5b71ed30\" data-element_type=\"column\" data-e-type=\"column\">\n\t\t\t<div class=\"elementor-widget-wrap\">\n\t\t\t\t\t\t\t<\/div>\n\t\t<\/div>\n\t\t\t\t\t<\/div>\n\t\t<\/section>\n\t\t\t\t<\/div>","protected":false},"excerpt":{"rendered":"<p>Golden Ways of Life &#8211; SOLD Gr\u00f6\u00dfe der Leinwand: 40 x 40 cmArt: UnikatTechnik: Fluidart-TechnikMaterial: farb- und lichtintensive AcrylfarbenVersiegelung: hochwertiges gl\u00e4nzendes Firnis zum Schutz des Bildes und Erhalt der Leuchtkraft und Intensit\u00e4t der FarbenSignatur: auf der R\u00fcckseite sowie unten rechts an der LeinwandseiteDie Seiten sind ebenfalls mit Farbe bedeckt, so dass das Bild ohne Rahmen [&hellip;]<\/p>\n","protected":false},"author":1,"featured_media":0,"parent":105,"menu_order":0,"comment_status":"closed","ping_status":"closed","template":"","meta":{"ngg_post_thumbnail":0,"ocean_post_layout":"full-width","ocean_both_sidebars_style":"","ocean_both_sidebars_content_width":0,"ocean_both_sidebars_sidebars_width":0,"ocean_sidebar":"0","ocean_second_sidebar":"0","ocean_disable_margins":"enable","ocean_add_body_class":"","ocean_shortcode_before_top_bar":"","ocean_shortcode_after_top_bar":"","ocean_shortcode_before_header":"","ocean_shortcode_after_header":"","ocean_has_shortcode":"","ocean_shortcode_after_title":"","ocean_shortcode_before_footer_widgets":"","ocean_shortcode_after_footer_widgets":"","ocean_shortcode_before_footer_bottom":"","ocean_shortcode_after_footer_bottom":"","ocean_display_top_bar":"off","ocean_display_header":"default","ocean_header_style":"","ocean_center_header_left_menu":"0","ocean_custom_header_template":"0","ocean_custom_logo":0,"ocean_custom_retina_logo":0,"ocean_custom_logo_max_width":0,"ocean_custom_logo_tablet_max_width":0,"ocean_custom_logo_mobile_max_width":0,"ocean_custom_logo_max_height":0,"ocean_custom_logo_tablet_max_height":0,"ocean_custom_logo_mobile_max_height":0,"ocean_header_custom_menu":"0","ocean_menu_typo_font_family":"0","ocean_menu_typo_font_subset":"","ocean_menu_typo_font_size":0,"ocean_menu_typo_font_size_tablet":0,"ocean_menu_typo_font_size_mobile":0,"ocean_menu_typo_font_size_unit":"px","ocean_menu_typo_font_weight":"","ocean_menu_typo_font_weight_tablet":"","ocean_menu_typo_font_weight_mobile":"","ocean_menu_typo_transform":"","ocean_menu_typo_transform_tablet":"","ocean_menu_typo_transform_mobile":"","ocean_menu_typo_line_height":0,"ocean_menu_typo_line_height_tablet":0,"ocean_menu_typo_line_height_mobile":0,"ocean_menu_typo_line_height_unit":"","ocean_menu_typo_spacing":0,"ocean_menu_typo_spacing_tablet":0,"ocean_menu_typo_spacing_mobile":0,"ocean_menu_typo_spacing_unit":"","ocean_menu_link_color":"","ocean_menu_link_color_hover":"","ocean_menu_link_color_active":"","ocean_menu_link_background":"","ocean_menu_link_hover_background":"","ocean_menu_link_active_background":"","ocean_menu_social_links_bg":"","ocean_menu_social_hover_links_bg":"","ocean_menu_social_links_color":"","ocean_menu_social_hover_links_color":"","ocean_disable_title":"on","ocean_disable_heading":"default","ocean_post_title":"","ocean_post_subheading":"","ocean_post_title_style":"","ocean_post_title_background_color":"","ocean_post_title_background":0,"ocean_post_title_bg_image_position":"","ocean_post_title_bg_image_attachment":"","ocean_post_title_bg_image_repeat":"","ocean_post_title_bg_image_size":"","ocean_post_title_height":0,"ocean_post_title_bg_overlay":0.5,"ocean_post_title_bg_overlay_color":"","ocean_disable_breadcrumbs":"default","ocean_breadcrumbs_color":"","ocean_breadcrumbs_separator_color":"","ocean_breadcrumbs_links_color":"","ocean_breadcrumbs_links_hover_color":"","ocean_display_footer_widgets":"off","ocean_display_footer_bottom":"off","ocean_custom_footer_template":"0","footnotes":""},"class_list":["post-618","page","type-page","status-publish","hentry","entry"],"_links":{"self":[{"href":"https:\/\/ramona-engelmann.de\/en\/wp-json\/wp\/v2\/pages\/618","targetHints":{"allow":["GET"]}}],"collection":[{"href":"https:\/\/ramona-engelmann.de\/en\/wp-json\/wp\/v2\/pages"}],"about":[{"href":"https:\/\/ramona-engelmann.de\/en\/wp-json\/wp\/v2\/types\/page"}],"author":[{"embeddable":true,"href":"https:\/\/ramona-engelmann.de\/en\/wp-json\/wp\/v2\/users\/1"}],"replies":[{"embeddable":true,"href":"https:\/\/ramona-engelmann.de\/en\/wp-json\/wp\/v2\/comments?post=618"}],"version-history":[{"count":23,"href":"https:\/\/ramona-engelmann.de\/en\/wp-json\/wp\/v2\/pages\/618\/revisions"}],"predecessor-version":[{"id":4274,"href":"https:\/\/ramona-engelmann.de\/en\/wp-json\/wp\/v2\/pages\/618\/revisions\/4274"}],"up":[{"embeddable":true,"href":"https:\/\/ramona-engelmann.de\/en\/wp-json\/wp\/v2\/pages\/105"}],"wp:attachment":[{"href":"https:\/\/ramona-engelmann.de\/en\/wp-json\/wp\/v2\/media?parent=618"}],"curies":[{"name":"wp","href":"https:\/\/api.w.org\/{rel}","templated":true}]}}