{"id":3414,"date":"2023-02-06T19:24:14","date_gmt":"2023-02-06T19:24:14","guid":{"rendered":"https:\/\/ramona-engelmann.de\/?page_id=3414"},"modified":"2023-02-14T17:09:40","modified_gmt":"2023-02-14T17:09:40","slug":"dragonstorm","status":"publish","type":"page","link":"https:\/\/ramona-engelmann.de\/en\/kunstwerke\/dragonstorm","title":{"rendered":"Dragonstorm"},"content":{"rendered":"<div data-elementor-type=\"wp-page\" data-elementor-id=\"3414\" class=\"elementor elementor-3414\">\n\t\t\t\t\t\t<section class=\"elementor-section elementor-top-section elementor-element elementor-element-6ffac9f3 elementor-section-boxed elementor-section-height-default elementor-section-height-default\" data-id=\"6ffac9f3\" data-element_type=\"section\" data-e-type=\"section\">\n\t\t\t\t\t\t<div class=\"elementor-container elementor-column-gap-default\">\n\t\t\t\t\t<div class=\"elementor-column elementor-col-100 elementor-top-column elementor-element elementor-element-7018de71\" data-id=\"7018de71\" data-element_type=\"column\" data-e-type=\"column\">\n\t\t\t<div class=\"elementor-widget-wrap elementor-element-populated\">\n\t\t\t\t\t\t<div class=\"elementor-element elementor-element-24a3e741 elementor-widget elementor-widget-text-editor\" data-id=\"24a3e741\" data-element_type=\"widget\" data-e-type=\"widget\" data-widget_type=\"text-editor.default\">\n\t\t\t\t<div class=\"elementor-widget-container\">\n\t\t\t\t\t\t\t\t\t<p>\n<div class=\"ngg-galleryoverview ngg-slideshow\"\n\tid=\"ngg-slideshow-2738f3d579bc8ba94640f066495dbe01-10981984620\"\n\tdata-gallery-id=\"2738f3d579bc8ba94640f066495dbe01\"\n\tstyle=\"max-width: 750px;\t\t\tmax-height: 500px;\t\t\tdisplay: none;\">\n\n\t\n\t\t<a href=\"https:\/\/ramona-engelmann.de\/wp-content\/gallery\/dragonstorm\/Dragonstorm_Detail-min.JPG\"\n\t\t\ttitle=\"\"\n\t\t\tdata-src=\"https:\/\/ramona-engelmann.de\/wp-content\/gallery\/dragonstorm\/Dragonstorm_Detail-min.JPG\"\n\t\t\tdata-thumbnail=\"https:\/\/ramona-engelmann.de\/wp-content\/gallery\/dragonstorm\/thumbs\/thumbs_Dragonstorm_Detail-min.JPG\"\n\t\t\tdata-image-id=\"389\"\n\t\t\tdata-title=\"Kunstwerk Dragonstorm Komplettansicht\"\n\t\t\tdata-description=\"\"\n\t\t\t\t\t\t\t\t\t\t\t\t\t\t\tclass=\"ngg-simplelightbox\" rel=\"2738f3d579bc8ba94640f066495dbe01\">\n\t\t\t\n\t\t\t<img data-image-id='389'\n\t\t\t\ttitle=\"\"\n\t\t\t\talt=\"Kunstwerk Dragonstorm Komplettansicht\"\n\t\t\t\tsrc=\"https:\/\/ramona-engelmann.de\/wp-content\/gallery\/dragonstorm\/Dragonstorm_Detail-min.JPG\"\n\t\t\t\tstyle=\"max-height: 480px;\"\/>\n\t\t<\/a>\n\n\t\t\n\t\t<a href=\"https:\/\/ramona-engelmann.de\/wp-content\/gallery\/dragonstorm\/Dragonstorm_Seite-min.JPG\"\n\t\t\ttitle=\"\"\n\t\t\tdata-src=\"https:\/\/ramona-engelmann.de\/wp-content\/gallery\/dragonstorm\/Dragonstorm_Seite-min.JPG\"\n\t\t\tdata-thumbnail=\"https:\/\/ramona-engelmann.de\/wp-content\/gallery\/dragonstorm\/thumbs\/thumbs_Dragonstorm_Seite-min.JPG\"\n\t\t\tdata-image-id=\"388\"\n\t\t\tdata-title=\"Kunstwerk Dragonstorm Ansicht Seite\"\n\t\t\tdata-description=\"\"\n\t\t\t\t\t\t\t\t\t\t\t\t\t\t\tclass=\"ngg-simplelightbox\" rel=\"2738f3d579bc8ba94640f066495dbe01\">\n\t\t\t\n\t\t\t<img data-image-id='388'\n\t\t\t\ttitle=\"\"\n\t\t\t\talt=\"Kunstwerk Dragonstorm Ansicht Seite\"\n\t\t\t\tsrc=\"https:\/\/ramona-engelmann.de\/wp-content\/gallery\/dragonstorm\/Dragonstorm_Seite-min.JPG\"\n\t\t\t\tstyle=\"max-height: 480px;\"\/>\n\t\t<\/a>\n\n\t\t<\/div>\n\n\n<\/p>\t\t\t\t\t\t\t\t<\/div>\n\t\t\t\t<\/div>\n\t\t\t\t<div class=\"elementor-element elementor-element-6e9b1baf elementor-widget elementor-widget-heading\" data-id=\"6e9b1baf\" data-element_type=\"widget\" data-e-type=\"widget\" data-widget_type=\"heading.default\">\n\t\t\t\t<div class=\"elementor-widget-container\">\n\t\t\t\t\t<h2 class=\"elementor-heading-title elementor-size-large\">Dragonstorm - SOLD<\/h2>\t\t\t\t<\/div>\n\t\t\t\t<\/div>\n\t\t\t\t<div class=\"elementor-element elementor-element-4b33be76 elementor-widget elementor-widget-text-editor\" data-id=\"4b33be76\" data-element_type=\"widget\" data-e-type=\"widget\" data-widget_type=\"text-editor.default\">\n\t\t\t\t<div class=\"elementor-widget-container\">\n\t\t\t\t\t\t\t\t\t<p><strong>Size of the canvas:<\/strong> 30 x 40 cm<br \/><strong>Type:<\/strong> Unique<br \/><strong>Technique:<\/strong> Fluidart-Technique<br \/><strong>Material: <\/strong>color and light intense acrylic paints<br \/><strong>Sealing:<\/strong> high quality glossy varnish to protect the artwork and preserve the luminosity and intensity of colors<br \/><strong>Signature:<\/strong> on the back and on the bottom right of the canvas side<br \/>The sides are also covered with paint so that the artwork can be hung without a frame<\/p>\t\t\t\t\t\t\t\t<\/div>\n\t\t\t\t<\/div>\n\t\t\t\t<div class=\"elementor-element elementor-element-2b20348f elementor-widget elementor-widget-text-editor\" data-id=\"2b20348f\" data-element_type=\"widget\" data-e-type=\"widget\" data-widget_type=\"text-editor.default\">\n\t\t\t\t<div class=\"elementor-widget-container\">\n\t\t\t\t\t\t\t\t\t<p>This artwork reminds me of a fire-breathing dragon. Like a whirlwind, it winds its way high into the air.<br \/>He shows you his magnificent color dress covered with gold and his unstoppable energy. You too let your energy flow through you and radiate<br \/>it to the outside. Recognize your own greatness, your own strengths and believe in yourself. Then you too will shine in your most beautiful colors.<\/p>\t\t\t\t\t\t\t\t<\/div>\n\t\t\t\t<\/div>\n\t\t\t\t\t<\/div>\n\t\t<\/div>\n\t\t\t\t\t<\/div>\n\t\t<\/section>\n\t\t\t\t<section class=\"elementor-section elementor-top-section elementor-element elementor-element-34a5fd84 elementor-section-content-top elementor-section-full_width elementor-section-height-default elementor-section-height-default\" data-id=\"34a5fd84\" data-element_type=\"section\" data-e-type=\"section\" data-settings=\"{&quot;background_background&quot;:&quot;classic&quot;}\">\n\t\t\t\t\t\t\t<div class=\"elementor-background-overlay\"><\/div>\n\t\t\t\t\t\t\t<div class=\"elementor-container elementor-column-gap-default\">\n\t\t\t\t\t<div class=\"elementor-column elementor-col-100 elementor-top-column elementor-element elementor-element-62551b68\" data-id=\"62551b68\" data-element_type=\"column\" data-e-type=\"column\">\n\t\t\t<div class=\"elementor-widget-wrap\">\n\t\t\t\t\t\t\t<\/div>\n\t\t<\/div>\n\t\t\t\t\t<\/div>\n\t\t<\/section>\n\t\t\t\t<\/div>","protected":false},"excerpt":{"rendered":"<p>Dragonstorm &#8211; SOLD Gr\u00f6\u00dfe der Leinwand: 30 x 40 cmArt: UnikatTechnik: Fluidart-TechnikMaterial: farb- und lichtintensive AcrylfarbenVersiegelung: hochwertiges gl\u00e4nzendes Firnis zum Schutz des Bildes und Erhalt der Leuchtkraft und Intensit\u00e4t der FarbenSignatur: auf der R\u00fcckseite sowie unten rechts an der LeinwandseiteDie Seiten sind ebenfalls mit Farbe bedeckt, so dass das Bild ohne Rahmen aufgeh\u00e4ngt werden kann [&hellip;]<\/p>\n","protected":false},"author":1,"featured_media":0,"parent":105,"menu_order":0,"comment_status":"closed","ping_status":"closed","template":"","meta":{"ngg_post_thumbnail":0,"ocean_post_layout":"full-width","ocean_both_sidebars_style":"","ocean_both_sidebars_content_width":0,"ocean_both_sidebars_sidebars_width":0,"ocean_sidebar":"0","ocean_second_sidebar":"0","ocean_disable_margins":"enable","ocean_add_body_class":"","ocean_shortcode_before_top_bar":"","ocean_shortcode_after_top_bar":"","ocean_shortcode_before_header":"","ocean_shortcode_after_header":"","ocean_has_shortcode":"","ocean_shortcode_after_title":"","ocean_shortcode_before_footer_widgets":"","ocean_shortcode_after_footer_widgets":"","ocean_shortcode_before_footer_bottom":"","ocean_shortcode_after_footer_bottom":"","ocean_display_top_bar":"off","ocean_display_header":"default","ocean_header_style":"","ocean_center_header_left_menu":"0","ocean_custom_header_template":"0","ocean_custom_logo":0,"ocean_custom_retina_logo":0,"ocean_custom_logo_max_width":0,"ocean_custom_logo_tablet_max_width":0,"ocean_custom_logo_mobile_max_width":0,"ocean_custom_logo_max_height":0,"ocean_custom_logo_tablet_max_height":0,"ocean_custom_logo_mobile_max_height":0,"ocean_header_custom_menu":"0","ocean_menu_typo_font_family":"0","ocean_menu_typo_font_subset":"","ocean_menu_typo_font_size":0,"ocean_menu_typo_font_size_tablet":0,"ocean_menu_typo_font_size_mobile":0,"ocean_menu_typo_font_size_unit":"px","ocean_menu_typo_font_weight":"","ocean_menu_typo_font_weight_tablet":"","ocean_menu_typo_font_weight_mobile":"","ocean_menu_typo_transform":"","ocean_menu_typo_transform_tablet":"","ocean_menu_typo_transform_mobile":"","ocean_menu_typo_line_height":0,"ocean_menu_typo_line_height_tablet":0,"ocean_menu_typo_line_height_mobile":0,"ocean_menu_typo_line_height_unit":"","ocean_menu_typo_spacing":0,"ocean_menu_typo_spacing_tablet":0,"ocean_menu_typo_spacing_mobile":0,"ocean_menu_typo_spacing_unit":"","ocean_menu_link_color":"","ocean_menu_link_color_hover":"","ocean_menu_link_color_active":"","ocean_menu_link_background":"","ocean_menu_link_hover_background":"","ocean_menu_link_active_background":"","ocean_menu_social_links_bg":"","ocean_menu_social_hover_links_bg":"","ocean_menu_social_links_color":"","ocean_menu_social_hover_links_color":"","ocean_disable_title":"on","ocean_disable_heading":"default","ocean_post_title":"","ocean_post_subheading":"","ocean_post_title_style":"","ocean_post_title_background_color":"","ocean_post_title_background":0,"ocean_post_title_bg_image_position":"","ocean_post_title_bg_image_attachment":"","ocean_post_title_bg_image_repeat":"","ocean_post_title_bg_image_size":"","ocean_post_title_height":0,"ocean_post_title_bg_overlay":0.5,"ocean_post_title_bg_overlay_color":"","ocean_disable_breadcrumbs":"default","ocean_breadcrumbs_color":"","ocean_breadcrumbs_separator_color":"","ocean_breadcrumbs_links_color":"","ocean_breadcrumbs_links_hover_color":"","ocean_display_footer_widgets":"off","ocean_display_footer_bottom":"off","ocean_custom_footer_template":"0","footnotes":""},"class_list":["post-3414","page","type-page","status-publish","hentry","entry"],"_links":{"self":[{"href":"https:\/\/ramona-engelmann.de\/en\/wp-json\/wp\/v2\/pages\/3414","targetHints":{"allow":["GET"]}}],"collection":[{"href":"https:\/\/ramona-engelmann.de\/en\/wp-json\/wp\/v2\/pages"}],"about":[{"href":"https:\/\/ramona-engelmann.de\/en\/wp-json\/wp\/v2\/types\/page"}],"author":[{"embeddable":true,"href":"https:\/\/ramona-engelmann.de\/en\/wp-json\/wp\/v2\/users\/1"}],"replies":[{"embeddable":true,"href":"https:\/\/ramona-engelmann.de\/en\/wp-json\/wp\/v2\/comments?post=3414"}],"version-history":[{"count":7,"href":"https:\/\/ramona-engelmann.de\/en\/wp-json\/wp\/v2\/pages\/3414\/revisions"}],"predecessor-version":[{"id":4184,"href":"https:\/\/ramona-engelmann.de\/en\/wp-json\/wp\/v2\/pages\/3414\/revisions\/4184"}],"up":[{"embeddable":true,"href":"https:\/\/ramona-engelmann.de\/en\/wp-json\/wp\/v2\/pages\/105"}],"wp:attachment":[{"href":"https:\/\/ramona-engelmann.de\/en\/wp-json\/wp\/v2\/media?parent=3414"}],"curies":[{"name":"wp","href":"https:\/\/api.w.org\/{rel}","templated":true}]}}