{"id":1634,"date":"2022-10-25T08:20:04","date_gmt":"2022-10-25T08:20:04","guid":{"rendered":"https:\/\/ramona-engelmann.de\/?page_id=1634"},"modified":"2025-11-06T08:40:25","modified_gmt":"2025-11-06T08:40:25","slug":"ocean-of-light","status":"publish","type":"page","link":"https:\/\/ramona-engelmann.de\/en\/kunstwerke\/ocean-of-light","title":{"rendered":"Ocean of Light"},"content":{"rendered":"<div data-elementor-type=\"wp-page\" data-elementor-id=\"1634\" class=\"elementor elementor-1634\">\n\t\t\t\t\t\t<section class=\"elementor-section elementor-top-section elementor-element elementor-element-3ce2175f elementor-section-boxed elementor-section-height-default elementor-section-height-default\" data-id=\"3ce2175f\" data-element_type=\"section\" data-e-type=\"section\">\n\t\t\t\t\t\t<div class=\"elementor-container elementor-column-gap-default\">\n\t\t\t\t\t<div class=\"elementor-column elementor-col-100 elementor-top-column elementor-element elementor-element-219c4021\" data-id=\"219c4021\" data-element_type=\"column\" data-e-type=\"column\">\n\t\t\t<div class=\"elementor-widget-wrap elementor-element-populated\">\n\t\t\t\t\t\t<div class=\"elementor-element elementor-element-6ffd07c1 elementor-widget elementor-widget-text-editor\" data-id=\"6ffd07c1\" data-element_type=\"widget\" data-e-type=\"widget\" data-widget_type=\"text-editor.default\">\n\t\t\t\t<div class=\"elementor-widget-container\">\n\t\t\t\t\t\t\t\t\t<p>\n<div class=\"ngg-galleryoverview ngg-slideshow\"\n\tid=\"ngg-slideshow-ffc814329eb4f30dbae0fd97afe4e419-8116483180\"\n\tdata-gallery-id=\"ffc814329eb4f30dbae0fd97afe4e419\"\n\tstyle=\"max-width: 750px;\t\t\tmax-height: 500px;\t\t\tdisplay: none;\">\n\n\t\n\t\t<a href=\"https:\/\/ramona-engelmann.de\/wp-content\/gallery\/ocean-of-light\/Ocean_of_Light_Detail-min.JPG\"\n\t\t\ttitle=\"\"\n\t\t\tdata-src=\"https:\/\/ramona-engelmann.de\/wp-content\/gallery\/ocean-of-light\/Ocean_of_Light_Detail-min.JPG\"\n\t\t\tdata-thumbnail=\"https:\/\/ramona-engelmann.de\/wp-content\/gallery\/ocean-of-light\/thumbs\/thumbs_Ocean_of_Light_Detail-min.JPG\"\n\t\t\tdata-image-id=\"230\"\n\t\t\tdata-title=\"Kunstwerk Ocean of Light Komplettansicht\"\n\t\t\tdata-description=\"\"\n\t\t\t\t\t\t\t\t\t\t\t\t\t\t\tclass=\"ngg-simplelightbox\" rel=\"ffc814329eb4f30dbae0fd97afe4e419\">\n\t\t\t\n\t\t\t<img data-image-id='230'\n\t\t\t\ttitle=\"\"\n\t\t\t\talt=\"Kunstwerk Ocean of Light Komplettansicht\"\n\t\t\t\tsrc=\"https:\/\/ramona-engelmann.de\/wp-content\/gallery\/ocean-of-light\/Ocean_of_Light_Detail-min.JPG\"\n\t\t\t\tstyle=\"max-height: 480px;\"\/>\n\t\t<\/a>\n\n\t\t\n\t\t<a href=\"https:\/\/ramona-engelmann.de\/wp-content\/gallery\/ocean-of-light\/Ocean_of_Light_Detail1-min.JPG\"\n\t\t\ttitle=\"\"\n\t\t\tdata-src=\"https:\/\/ramona-engelmann.de\/wp-content\/gallery\/ocean-of-light\/Ocean_of_Light_Detail1-min.JPG\"\n\t\t\tdata-thumbnail=\"https:\/\/ramona-engelmann.de\/wp-content\/gallery\/ocean-of-light\/thumbs\/thumbs_Ocean_of_Light_Detail1-min.JPG\"\n\t\t\tdata-image-id=\"224\"\n\t\t\tdata-title=\"Kunstwerk Ocean of Light Ansicht Detail 1\"\n\t\t\tdata-description=\"\"\n\t\t\t\t\t\t\t\t\t\t\t\t\t\t\tclass=\"ngg-simplelightbox\" rel=\"ffc814329eb4f30dbae0fd97afe4e419\">\n\t\t\t\n\t\t\t<img data-image-id='224'\n\t\t\t\ttitle=\"\"\n\t\t\t\talt=\"Kunstwerk Ocean of Light Ansicht Detail 1\"\n\t\t\t\tsrc=\"https:\/\/ramona-engelmann.de\/wp-content\/gallery\/ocean-of-light\/Ocean_of_Light_Detail1-min.JPG\"\n\t\t\t\tstyle=\"max-height: 480px;\"\/>\n\t\t<\/a>\n\n\t\t\n\t\t<a href=\"https:\/\/ramona-engelmann.de\/wp-content\/gallery\/ocean-of-light\/Ocean_of_Light_Detail2-min.JPG\"\n\t\t\ttitle=\"\"\n\t\t\tdata-src=\"https:\/\/ramona-engelmann.de\/wp-content\/gallery\/ocean-of-light\/Ocean_of_Light_Detail2-min.JPG\"\n\t\t\tdata-thumbnail=\"https:\/\/ramona-engelmann.de\/wp-content\/gallery\/ocean-of-light\/thumbs\/thumbs_Ocean_of_Light_Detail2-min.JPG\"\n\t\t\tdata-image-id=\"225\"\n\t\t\tdata-title=\"Kunstwerk Ocean of Light Ansicht Detail 2\"\n\t\t\tdata-description=\"\"\n\t\t\t\t\t\t\t\t\t\t\t\t\t\t\tclass=\"ngg-simplelightbox\" rel=\"ffc814329eb4f30dbae0fd97afe4e419\">\n\t\t\t\n\t\t\t<img data-image-id='225'\n\t\t\t\ttitle=\"\"\n\t\t\t\talt=\"Kunstwerk Ocean of Light Ansicht Detail 2\"\n\t\t\t\tsrc=\"https:\/\/ramona-engelmann.de\/wp-content\/gallery\/ocean-of-light\/Ocean_of_Light_Detail2-min.JPG\"\n\t\t\t\tstyle=\"max-height: 480px;\"\/>\n\t\t<\/a>\n\n\t\t\n\t\t<a href=\"https:\/\/ramona-engelmann.de\/wp-content\/gallery\/ocean-of-light\/Ocean_of_Light_Detail3-min.JPG\"\n\t\t\ttitle=\"\"\n\t\t\tdata-src=\"https:\/\/ramona-engelmann.de\/wp-content\/gallery\/ocean-of-light\/Ocean_of_Light_Detail3-min.JPG\"\n\t\t\tdata-thumbnail=\"https:\/\/ramona-engelmann.de\/wp-content\/gallery\/ocean-of-light\/thumbs\/thumbs_Ocean_of_Light_Detail3-min.JPG\"\n\t\t\tdata-image-id=\"226\"\n\t\t\tdata-title=\"Kunstwerk Ocean of Light Ansicht Detail 3\"\n\t\t\tdata-description=\"\"\n\t\t\t\t\t\t\t\t\t\t\t\t\t\t\tclass=\"ngg-simplelightbox\" rel=\"ffc814329eb4f30dbae0fd97afe4e419\">\n\t\t\t\n\t\t\t<img data-image-id='226'\n\t\t\t\ttitle=\"\"\n\t\t\t\talt=\"Kunstwerk Ocean of Light Ansicht Detail 3\"\n\t\t\t\tsrc=\"https:\/\/ramona-engelmann.de\/wp-content\/gallery\/ocean-of-light\/Ocean_of_Light_Detail3-min.JPG\"\n\t\t\t\tstyle=\"max-height: 480px;\"\/>\n\t\t<\/a>\n\n\t\t\n\t\t<a href=\"https:\/\/ramona-engelmann.de\/wp-content\/gallery\/ocean-of-light\/Ocean_of_Light_Detail4-min.JPG\"\n\t\t\ttitle=\"\"\n\t\t\tdata-src=\"https:\/\/ramona-engelmann.de\/wp-content\/gallery\/ocean-of-light\/Ocean_of_Light_Detail4-min.JPG\"\n\t\t\tdata-thumbnail=\"https:\/\/ramona-engelmann.de\/wp-content\/gallery\/ocean-of-light\/thumbs\/thumbs_Ocean_of_Light_Detail4-min.JPG\"\n\t\t\tdata-image-id=\"228\"\n\t\t\tdata-title=\"Kunstwerk Ocean of Light Ansicht Detail 4\"\n\t\t\tdata-description=\"\"\n\t\t\t\t\t\t\t\t\t\t\t\t\t\t\tclass=\"ngg-simplelightbox\" rel=\"ffc814329eb4f30dbae0fd97afe4e419\">\n\t\t\t\n\t\t\t<img data-image-id='228'\n\t\t\t\ttitle=\"\"\n\t\t\t\talt=\"Kunstwerk Ocean of Light Ansicht Detail 4\"\n\t\t\t\tsrc=\"https:\/\/ramona-engelmann.de\/wp-content\/gallery\/ocean-of-light\/Ocean_of_Light_Detail4-min.JPG\"\n\t\t\t\tstyle=\"max-height: 480px;\"\/>\n\t\t<\/a>\n\n\t\t\n\t\t<a href=\"https:\/\/ramona-engelmann.de\/wp-content\/gallery\/ocean-of-light\/Ocean_of_Light_Detail5-min.JPG\"\n\t\t\ttitle=\"\"\n\t\t\tdata-src=\"https:\/\/ramona-engelmann.de\/wp-content\/gallery\/ocean-of-light\/Ocean_of_Light_Detail5-min.JPG\"\n\t\t\tdata-thumbnail=\"https:\/\/ramona-engelmann.de\/wp-content\/gallery\/ocean-of-light\/thumbs\/thumbs_Ocean_of_Light_Detail5-min.JPG\"\n\t\t\tdata-image-id=\"227\"\n\t\t\tdata-title=\"Kunstwerk Ocean of Light Ansicht Detail 5\"\n\t\t\tdata-description=\"\"\n\t\t\t\t\t\t\t\t\t\t\t\t\t\t\tclass=\"ngg-simplelightbox\" rel=\"ffc814329eb4f30dbae0fd97afe4e419\">\n\t\t\t\n\t\t\t<img data-image-id='227'\n\t\t\t\ttitle=\"\"\n\t\t\t\talt=\"Kunstwerk Ocean of Light Ansicht Detail 5\"\n\t\t\t\tsrc=\"https:\/\/ramona-engelmann.de\/wp-content\/gallery\/ocean-of-light\/Ocean_of_Light_Detail5-min.JPG\"\n\t\t\t\tstyle=\"max-height: 480px;\"\/>\n\t\t<\/a>\n\n\t\t\n\t\t<a href=\"https:\/\/ramona-engelmann.de\/wp-content\/gallery\/ocean-of-light\/Ocean_of_Light_Detail6-min.JPG\"\n\t\t\ttitle=\"\"\n\t\t\tdata-src=\"https:\/\/ramona-engelmann.de\/wp-content\/gallery\/ocean-of-light\/Ocean_of_Light_Detail6-min.JPG\"\n\t\t\tdata-thumbnail=\"https:\/\/ramona-engelmann.de\/wp-content\/gallery\/ocean-of-light\/thumbs\/thumbs_Ocean_of_Light_Detail6-min.JPG\"\n\t\t\tdata-image-id=\"229\"\n\t\t\tdata-title=\"Kunstwerk Ocean of Light Ansicht Detail 6\"\n\t\t\tdata-description=\"\"\n\t\t\t\t\t\t\t\t\t\t\t\t\t\t\tclass=\"ngg-simplelightbox\" rel=\"ffc814329eb4f30dbae0fd97afe4e419\">\n\t\t\t\n\t\t\t<img data-image-id='229'\n\t\t\t\ttitle=\"\"\n\t\t\t\talt=\"Kunstwerk Ocean of Light Ansicht Detail 6\"\n\t\t\t\tsrc=\"https:\/\/ramona-engelmann.de\/wp-content\/gallery\/ocean-of-light\/Ocean_of_Light_Detail6-min.JPG\"\n\t\t\t\tstyle=\"max-height: 480px;\"\/>\n\t\t<\/a>\n\n\t\t<\/div>\n\n\n<\/p>\t\t\t\t\t\t\t\t<\/div>\n\t\t\t\t<\/div>\n\t\t\t\t<div class=\"elementor-element elementor-element-4ddd42da elementor-widget elementor-widget-heading\" data-id=\"4ddd42da\" data-element_type=\"widget\" data-e-type=\"widget\" data-widget_type=\"heading.default\">\n\t\t\t\t<div class=\"elementor-widget-container\">\n\t\t\t\t\t<h2 class=\"elementor-heading-title elementor-size-large\">Ocean of Light<\/h2>\t\t\t\t<\/div>\n\t\t\t\t<\/div>\n\t\t\t\t<div class=\"elementor-element elementor-element-7d592edf elementor-widget elementor-widget-text-editor\" data-id=\"7d592edf\" data-element_type=\"widget\" data-e-type=\"widget\" data-widget_type=\"text-editor.default\">\n\t\t\t\t<div class=\"elementor-widget-container\">\n\t\t\t\t\t\t\t\t\t<p><strong>Code-Nr.:<\/strong> 2022 FA-0129<br \/><strong>Size of the canvas:<\/strong> 40 x 60 cm<br \/><strong>Type:<\/strong> Unique<br \/><strong>Technique:<\/strong> Fluidart-Technique<br \/><strong>Material: <\/strong>color and light intense acrylic paints<br \/><strong>Sealing:<\/strong> high quality glossy varnish to protect the artwork and preserve the luminosity and intensity of colors<br \/><strong>Signature:<\/strong> on the back and on the bottom right of the canvas side<br \/>The sides are also covered with paint so that the artwork can be hung without a frame<br \/><strong>Price:<\/strong> 833 \u20ac<\/p>\t\t\t\t\t\t\t\t<\/div>\n\t\t\t\t<\/div>\n\t\t\t\t<div class=\"elementor-element elementor-element-187f169f elementor-widget elementor-widget-text-editor\" data-id=\"187f169f\" data-element_type=\"widget\" data-e-type=\"widget\" data-widget_type=\"text-editor.default\">\n\t\t\t\t<div class=\"elementor-widget-container\">\n\t\t\t\t\t\t\t\t\t<p>In the silence of the deep ocean, this new life makes its way. So radiant and beautiful it floats through the depths ever further towards the light-filled surface. It shines even in the darkest expanses and spreads its pure vitality. Shine also you with all your radiant energy in the darkness. <br \/>Be a light to yourself and others and feel the power within you.<\/p>\t\t\t\t\t\t\t\t<\/div>\n\t\t\t\t<\/div>\n\t\t\t\t<div class=\"elementor-element elementor-element-3c97147 elementor-align-center elementor-widget elementor-widget-button\" data-id=\"3c97147\" data-element_type=\"widget\" data-e-type=\"widget\" data-widget_type=\"button.default\">\n\t\t\t\t<div class=\"elementor-widget-container\">\n\t\t\t\t\t\t\t\t\t<div class=\"elementor-button-wrapper\">\n\t\t\t\t\t<a class=\"elementor-button elementor-button-link elementor-size-lg\" href=\"mailto:mail@ramona-engelmann.de?subject=Anfrage%20Kunstwerk%20%2F%20Request%20artwork%20&#039;Ocean%20of%20Light&#039;%20Code-Nr.%3A%202022%20FA-0129&#038;body=Anfrage%20Kunstwerk%20%2F%20Request%20artwork%20&#039;Ocean%20of%20Light&#039;%20Code-Nr.%3A%202022%20FA-0129\">\n\t\t\t\t\t\t<span class=\"elementor-button-content-wrapper\">\n\t\t\t\t\t\t\t\t\t<span class=\"elementor-button-text\">Request by e-mail<\/span>\n\t\t\t\t\t<\/span>\n\t\t\t\t\t<\/a>\n\t\t\t\t<\/div>\n\t\t\t\t\t\t\t\t<\/div>\n\t\t\t\t<\/div>\n\t\t\t\t<div class=\"elementor-element elementor-element-01eeebe elementor-widget elementor-widget-spacer\" data-id=\"01eeebe\" data-element_type=\"widget\" data-e-type=\"widget\" data-widget_type=\"spacer.default\">\n\t\t\t\t<div class=\"elementor-widget-container\">\n\t\t\t\t\t\t\t<div class=\"elementor-spacer\">\n\t\t\t<div class=\"elementor-spacer-inner\"><\/div>\n\t\t<\/div>\n\t\t\t\t\t\t<\/div>\n\t\t\t\t<\/div>\n\t\t\t\t\t<\/div>\n\t\t<\/div>\n\t\t\t\t\t<\/div>\n\t\t<\/section>\n\t\t\t\t<section class=\"elementor-section elementor-top-section elementor-element elementor-element-5e1d8c35 elementor-section-content-top elementor-section-full_width elementor-section-height-default elementor-section-height-default\" data-id=\"5e1d8c35\" data-element_type=\"section\" data-e-type=\"section\" data-settings=\"{&quot;background_background&quot;:&quot;classic&quot;}\">\n\t\t\t\t\t\t\t<div class=\"elementor-background-overlay\"><\/div>\n\t\t\t\t\t\t\t<div class=\"elementor-container elementor-column-gap-default\">\n\t\t\t\t\t<div class=\"elementor-column elementor-col-100 elementor-top-column elementor-element elementor-element-75445a9\" data-id=\"75445a9\" data-element_type=\"column\" data-e-type=\"column\">\n\t\t\t<div class=\"elementor-widget-wrap\">\n\t\t\t\t\t\t\t<\/div>\n\t\t<\/div>\n\t\t\t\t\t<\/div>\n\t\t<\/section>\n\t\t\t\t<\/div>","protected":false},"excerpt":{"rendered":"<p>Ocean of Light Code-Nr.: 2022 FA-0129Gr\u00f6\u00dfe der Leinwand: 40 x 60 cmArt: UnikatTechnik: Fluidart-TechnikMaterial: farb- und lichtintensive AcrylfarbenVersiegelung: hochwertiges gl\u00e4nzendes Firnis zum Schutz des Bildes und Erhalt der Leuchtkraft und Intensit\u00e4t der FarbenSignatur: auf der R\u00fcckseite sowie unten rechts an der LeinwandseiteDie Seiten sind ebenfalls mit Farbe bedeckt, so dass das Bild ohne Rahmen aufgeh\u00e4ngt [&hellip;]<\/p>\n","protected":false},"author":1,"featured_media":0,"parent":105,"menu_order":0,"comment_status":"closed","ping_status":"closed","template":"","meta":{"ngg_post_thumbnail":0,"ocean_post_layout":"full-width","ocean_both_sidebars_style":"","ocean_both_sidebars_content_width":0,"ocean_both_sidebars_sidebars_width":0,"ocean_sidebar":"0","ocean_second_sidebar":"0","ocean_disable_margins":"enable","ocean_add_body_class":"","ocean_shortcode_before_top_bar":"","ocean_shortcode_after_top_bar":"","ocean_shortcode_before_header":"","ocean_shortcode_after_header":"","ocean_has_shortcode":"","ocean_shortcode_after_title":"","ocean_shortcode_before_footer_widgets":"","ocean_shortcode_after_footer_widgets":"","ocean_shortcode_before_footer_bottom":"","ocean_shortcode_after_footer_bottom":"","ocean_display_top_bar":"off","ocean_display_header":"default","ocean_header_style":"","ocean_center_header_left_menu":"0","ocean_custom_header_template":"0","ocean_custom_logo":0,"ocean_custom_retina_logo":0,"ocean_custom_logo_max_width":0,"ocean_custom_logo_tablet_max_width":0,"ocean_custom_logo_mobile_max_width":0,"ocean_custom_logo_max_height":0,"ocean_custom_logo_tablet_max_height":0,"ocean_custom_logo_mobile_max_height":0,"ocean_header_custom_menu":"0","ocean_menu_typo_font_family":"0","ocean_menu_typo_font_subset":"","ocean_menu_typo_font_size":0,"ocean_menu_typo_font_size_tablet":0,"ocean_menu_typo_font_size_mobile":0,"ocean_menu_typo_font_size_unit":"px","ocean_menu_typo_font_weight":"","ocean_menu_typo_font_weight_tablet":"","ocean_menu_typo_font_weight_mobile":"","ocean_menu_typo_transform":"","ocean_menu_typo_transform_tablet":"","ocean_menu_typo_transform_mobile":"","ocean_menu_typo_line_height":0,"ocean_menu_typo_line_height_tablet":0,"ocean_menu_typo_line_height_mobile":0,"ocean_menu_typo_line_height_unit":"","ocean_menu_typo_spacing":0,"ocean_menu_typo_spacing_tablet":0,"ocean_menu_typo_spacing_mobile":0,"ocean_menu_typo_spacing_unit":"","ocean_menu_link_color":"","ocean_menu_link_color_hover":"","ocean_menu_link_color_active":"","ocean_menu_link_background":"","ocean_menu_link_hover_background":"","ocean_menu_link_active_background":"","ocean_menu_social_links_bg":"","ocean_menu_social_hover_links_bg":"","ocean_menu_social_links_color":"","ocean_menu_social_hover_links_color":"","ocean_disable_title":"on","ocean_disable_heading":"default","ocean_post_title":"","ocean_post_subheading":"","ocean_post_title_style":"","ocean_post_title_background_color":"","ocean_post_title_background":0,"ocean_post_title_bg_image_position":"","ocean_post_title_bg_image_attachment":"","ocean_post_title_bg_image_repeat":"","ocean_post_title_bg_image_size":"","ocean_post_title_height":0,"ocean_post_title_bg_overlay":0.5,"ocean_post_title_bg_overlay_color":"","ocean_disable_breadcrumbs":"default","ocean_breadcrumbs_color":"","ocean_breadcrumbs_separator_color":"","ocean_breadcrumbs_links_color":"","ocean_breadcrumbs_links_hover_color":"","ocean_display_footer_widgets":"off","ocean_display_footer_bottom":"off","ocean_custom_footer_template":"0","footnotes":""},"class_list":["post-1634","page","type-page","status-publish","hentry","entry"],"_links":{"self":[{"href":"https:\/\/ramona-engelmann.de\/en\/wp-json\/wp\/v2\/pages\/1634","targetHints":{"allow":["GET"]}}],"collection":[{"href":"https:\/\/ramona-engelmann.de\/en\/wp-json\/wp\/v2\/pages"}],"about":[{"href":"https:\/\/ramona-engelmann.de\/en\/wp-json\/wp\/v2\/types\/page"}],"author":[{"embeddable":true,"href":"https:\/\/ramona-engelmann.de\/en\/wp-json\/wp\/v2\/users\/1"}],"replies":[{"embeddable":true,"href":"https:\/\/ramona-engelmann.de\/en\/wp-json\/wp\/v2\/comments?post=1634"}],"version-history":[{"count":19,"href":"https:\/\/ramona-engelmann.de\/en\/wp-json\/wp\/v2\/pages\/1634\/revisions"}],"predecessor-version":[{"id":8555,"href":"https:\/\/ramona-engelmann.de\/en\/wp-json\/wp\/v2\/pages\/1634\/revisions\/8555"}],"up":[{"embeddable":true,"href":"https:\/\/ramona-engelmann.de\/en\/wp-json\/wp\/v2\/pages\/105"}],"wp:attachment":[{"href":"https:\/\/ramona-engelmann.de\/en\/wp-json\/wp\/v2\/media?parent=1634"}],"curies":[{"name":"wp","href":"https:\/\/api.w.org\/{rel}","templated":true}]}}